{"id":1348,"date":"2025-12-24T13:09:04","date_gmt":"2025-12-24T11:09:04","guid":{"rendered":"https:\/\/global-iptv.net\/?page_id=1348"},"modified":"2025-12-28T17:14:32","modified_gmt":"2025-12-28T15:14:32","slug":"home-1-deutsch","status":"publish","type":"page","link":"https:\/\/global-iptv.net\/?page_id=1348&lang=de","title":{"rendered":"Home 1"},"content":{"rendered":"<p>[vc_row full_width=&#187;stretch_row_content_no_spaces&#187;][vc_column][rev_slider_vc alias=&#187;slider1de&#187;][\/vc_column][\/vc_row][vc_row full_width=&#187;stretch_row&#187; css=&#187;.vc_custom_1499012876613{background-image: url(http:\/\/global-iptv.net\/wp-content\/uploads\/2017\/06\/bg-25.jpg?id=476) !important;background-position: center !important;background-repeat: no-repeat !important;background-size: cover !important;}&#187;][vc_column]<div class=\"sc_layouts sc_layouts_default sc_layouts_2067  vc_custom_1502882169480\">[vc_row][vc_column icons_position=\"left\"][vc_empty_space alter_height=\"huge\" hide_on_mobile=\"\"]<div id=\"sc_title_276700097\"\n\t\tclass=\"sc_title color_style_default sc_title_default\"><h6 class=\"sc_item_subtitle sc_title_subtitle sc_align_center sc_item_title_style_default\">Willkommen<\/h6><h2 class=\"sc_item_title sc_title_title sc_align_center sc_item_title_style_default sc_item_title_tag\">In die Welt des <i>IP-Fernsehens<\/i><\/h2><\/div><!-- \/.sc_title -->[vc_empty_space alter_height=\"medium\" hide_on_mobile=\"\" css=\".vc_custom_1502809051702{margin-top: 0.9rem !important;}\"][vc_row_inner][vc_column_inner width=\"1\/3\" icons_position=\"left\"][vc_single_image image=\"436\" img_size=\"370x199\" alignment=\"center\"]<div id=\"sc_title_1346822663\"\n\t\tclass=\"sc_title color_style_dark sc_title_default  vc_custom_1511736924913\"><h6 class=\"sc_item_title sc_title_title sc_align_center sc_item_title_style_default sc_item_title_tag\">Basispaket<\/h6><\/div><!-- \/.sc_title --><div class=\"sc_item_button sc_button_wrap sc_align_center\"><a href=\"\/?page_id=1532&#038;lang=de\" id=\"sc_button_303882170\" class=\"sc_button color_style_default sc_button_default sc_button_size_small sc_button_icon_left\"><span class=\"sc_button_text\"><span class=\"sc_button_title\">info<\/span><\/span><!-- \/.sc_button_text --><\/a><!-- \/.sc_button --><\/div><!-- \/.sc_item_button -->[\/vc_column_inner][vc_column_inner width=\"1\/3\" icons_position=\"left\"][vc_single_image image=\"437\" img_size=\"370x199\" alignment=\"center\"]<div id=\"sc_title_1709417658\"\n\t\tclass=\"sc_title color_style_dark sc_title_default  vc_custom_1511736942091\"><h6 class=\"sc_item_title sc_title_title sc_align_center sc_item_title_style_default sc_item_title_tag\">Vollpaket<\/h6><\/div><!-- \/.sc_title --><div class=\"sc_item_button sc_button_wrap sc_align_center\"><a href=\"\/?page_id=1550&#038;lang=de\" id=\"sc_button_1399696253\" class=\"sc_button color_style_default sc_button_default sc_button_size_small sc_button_icon_left\"><span class=\"sc_button_text\"><span class=\"sc_button_title\">info<\/span><\/span><!-- \/.sc_button_text --><\/a><!-- \/.sc_button --><\/div><!-- \/.sc_item_button -->[\/vc_column_inner][vc_column_inner width=\"1\/3\" icons_position=\"left\"][vc_single_image image=\"438\" img_size=\"370x199\" alignment=\"center\"]<div id=\"sc_title_297134943\"\n\t\tclass=\"sc_title color_style_dark sc_title_default  vc_custom_1511737013683\"><h6 class=\"sc_item_title sc_title_title sc_align_center sc_item_title_style_default sc_item_title_tag\">A-la-carte-Paket<\/h6><\/div><!-- \/.sc_title --><div class=\"sc_item_button sc_button_wrap sc_align_center\"><a href=\"\/?page_id=1583&#038;lang=de\" id=\"sc_button_1325279729\" class=\"sc_button color_style_default sc_button_default sc_button_size_small sc_button_icon_left\"><span class=\"sc_button_text\"><span class=\"sc_button_title\">info<\/span><\/span><!-- \/.sc_button_text --><\/a><!-- \/.sc_button --><\/div><!-- \/.sc_item_button -->[\/vc_column_inner][\/vc_row_inner][vc_empty_space alter_height=\"huge\" hide_on_mobile=\"\"][\/vc_column][\/vc_row]<\/div>[\/vc_column][\/vc_row][vc_row][vc_column]<div class=\"sc_layouts sc_layouts_default sc_layouts_2079\">[vc_row full_width=\"stretch_row\" css=\".vc_custom_1502883022463{background-image: url(http:\/\/global-iptv.net\/wp-content\/uploads\/2017\/06\/bg1.jpg?id=606) !important;background-position: 0 0 !important;background-repeat: no-repeat !important;}\"][vc_column icons_position=\"left\"][vc_empty_space alter_height=\"huge\" hide_on_mobile=\"\"]<div id=\"sc_content_2069477686\"\n\t\tclass=\"sc_content color_style_default sc_content_grey sc_float_center\"><div class=\"sc_content_container\">[vc_row_inner][vc_column_inner width=\"1\/2\" icons_position=\"left\"]<div id=\"widget_slider_789982647\" class=\"widget_area sc_widget_slider vc_widget_slider wpb_content_element custom\"><aside id=\"widget_slider_789982647_widget\" class=\"widget widget_slider\">\t\t\t<div class=\"slider_wrap slider_engine_swiper\">\n\t\t\t\t<div id=\"widget_slider_789982647_outer\" class=\"slider_outer slider_swiper_outer slider_style_default slider_outer_direction_horizontal slider_outer_one slider_outer_pagination slider_outer_pagination_bullets slider_outer_pagination_pos_bottom_outside slider_outer_nocontrols slider_outer_titles_center\"><div id=\"widget_slider_789982647_swiper\" class=\"slider_container slider_swiper swiper-slider-container slider_nocontrols slider_titles_center slider_noresize slider_height_auto slider_direction_horizontal slider_pagination slider_pagination_bullets slider_pagination_pos_bottom_outside slider_one slider_type_images\" data-ratio=\"16:9\" data-interval=\"7000\" data-effect=\"slide\" data-pagination=\"bullets\" data-direction=\"horizontal\" data-slides-per-view=\"1\" data-slides-space=\"0\"><div class=\"slider-wrapper swiper-wrapper\"><div  class=\"slider-slide swiper-slide\" data-image=\"https:\/\/global-iptv.net\/wp-content\/uploads\/2018\/03\/freedoom1-bw.jpg\" data-title=\"Schnell\" style=\"\"><img decoding=\"async\" src=\"https:\/\/global-iptv.net\/wp-content\/uploads\/2018\/03\/freedoom1-bw.jpg\" alt=\"Schnell\"><div class=\"slide_overlay slide_overlay_small\"><\/div><div class=\"slide_info slide_info_small\"><h3 class=\"slide_title\">Schnell<\/h3><\/div><\/div><div  class=\"slider-slide swiper-slide\" data-image=\"https:\/\/global-iptv.net\/wp-content\/uploads\/2018\/03\/freedoom3-bw.jpg\" data-title=\"Einfach\" style=\"\"><img decoding=\"async\" src=\"https:\/\/global-iptv.net\/wp-content\/uploads\/2018\/03\/freedoom3-bw.jpg\" alt=\"Einfach\"><div class=\"slide_overlay slide_overlay_small\"><\/div><div class=\"slide_info slide_info_small\"><h3 class=\"slide_title\">Einfach<\/h3><\/div><\/div><div  class=\"slider-slide swiper-slide\" data-image=\"https:\/\/global-iptv.net\/wp-content\/uploads\/2018\/03\/freedoom4.jpg\" data-title=\"Bequem\" style=\"\"><img decoding=\"async\" src=\"https:\/\/global-iptv.net\/wp-content\/uploads\/2018\/03\/freedoom4.jpg\" alt=\"Bequem\"><div class=\"slide_overlay slide_overlay_small\"><\/div><div class=\"slide_info slide_info_small\"><h3 class=\"slide_title\">Bequem<\/h3><\/div><\/div><\/div><!-- \/.slider-wrapper --><\/div><!-- \/.slider_swiper --><div class=\"slider_pagination_wrap swiper-pagination\"><\/div><\/div><!-- \/.slider_outer -->\t\t\t<\/div>\n\t\t\t<\/aside><\/div>[\/vc_column_inner][vc_column_inner width=\"1\/2\" icons_position=\"left\" offset=\"vc_col-md-offset-1 vc_col-md-5\"]<div id=\"sc_title_1083147845\"\n\t\tclass=\"sc_title color_style_default sc_title_default\"><h6 class=\"sc_item_subtitle sc_title_subtitle sc_align_left sc_item_title_style_default\">Einfache Einrichtung...<\/h6><h2 class=\"sc_item_title sc_title_title sc_align_left sc_item_title_style_default sc_item_title_tag\">Keine Registrierung erforderlich!<\/h2><div class=\"sc_item_descr sc_title_descr sc_align_left\"><p>Unser Portal nutzt modernste Registrierungstechnologien, was bedeutet, dass Sie sich nirgendwo registrieren m\u00fcssen \u2013 alles geschieht automatisch.<\/p>\n<p>Beim ersten Betreten des Portals wird ein 1-t\u00e4giger Testzugang aktiviert, damit Sie die \u00dcbertragungsqualit\u00e4t testen k\u00f6nnen.<\/p>\n<\/div><div class=\"sc_item_button sc_button_wrap sc_align_left\"><a href=\"\/?page_id=2042&#038;lang=de\" id=\"sc_button_1750108175\" class=\"sc_button color_style_default sc_button_default sc_item_button sc_item_button_default sc_title_button sc_button_size_normal sc_button_icon_left\"><span class=\"sc_button_text\"><span class=\"sc_button_title\">Einstellung<\/span><\/span><!-- \/.sc_button_text --><\/a><!-- \/.sc_button --><\/div><!-- \/.sc_item_button --><\/div><!-- \/.sc_title -->[\/vc_column_inner][\/vc_row_inner]<\/div><\/div><!-- \/.sc_content -->[vc_empty_space alter_height=\"huge\" hide_on_mobile=\"\"][\/vc_column][\/vc_row]<\/div>[\/vc_column][\/vc_row][vc_row][vc_column]<div class=\"sc_layouts sc_layouts_default sc_layouts_2092\">[vc_row full_width=\"stretch_row\" css=\".vc_custom_1499075715831{background-image: url(http:\/\/global-iptv.net\/wp-content\/uploads\/2017\/07\/promo_bg2.jpg?id=511) !important;background-position: center !important;background-repeat: no-repeat !important;background-size: cover !important;}\"][vc_column icons_position=\"left\"][vc_empty_space alter_height=\"huge\" hide_on_mobile=\"\" css=\".vc_custom_1502804526567{margin-top: 2.8rem !important;}\"]<div  id=\"sc_action_859782835\" \n\tclass=\"sc_action color_style_default scheme_dark sc_action_default\"><h3 class=\"sc_item_title sc_action_title sc_align_center sc_item_title_style_default\"> Heim-Multigruppe <i>Genuss in jedem Winkel unseres Hauses<\/i><\/h3><div class=\"sc_item_descr sc_action_descr sc_align_center\"><p>Wir haben heute ein innovatives, flexibles System namens \u00abHeim-Multigruppe\u00bb eingef\u00fchrt, mit dem Sie beim Fernsehen auf dem zweiten und weiteren (3., 4., 5.) Ger\u00e4ten sparen k\u00f6nnen.<br \/>\nDie \u00abHeim-Multigruppe\u00bb unterscheidet sich vorteilhaft vom klassischen Multiroom-System.<br \/>\nIn unserem System \u00abHeim-Multigruppe\u00bb k\u00f6nnen Sie die Anzahl der Ger\u00e4te in der Gruppe und deren Verbindungszeit selbst steuern, indem Sie Ihre Ger\u00e4te je nach Bedarf hinzuf\u00fcgen oder ausschlie\u00dfen.<\/p>\n<p>Dadurch k\u00f6nnen Sie sparen und f\u00fcr zus\u00e4tzliche Ger\u00e4te nur f\u00fcr den von Ihnen festgelegten Zeitraum bezahlen.<\/p>\n<\/div><div class=\"sc_action_content sc_item_content\"><div class=\"sc_action_item sc_action_item_default sc_action_item_mc\">\n\t\t\t<\/div><\/div><\/div><!-- \/.sc_action -->[vc_empty_space alter_height=\"small\" hide_on_mobile=\"\"]<div class=\"sc_item_button sc_button_wrap sc_align_center\"><a href=\"\/?page_id=2025&#038;lang=de\" id=\"sc_button_2042507548\" class=\"sc_button color_style_default sc_button_alternative sc_button_size_large sc_button_icon_left\"><span class=\"sc_button_text\"><span class=\"sc_button_title\">mehr Infos<\/span><\/span><!-- \/.sc_button_text --><\/a><!-- \/.sc_button --><\/div><!-- \/.sc_item_button -->[vc_empty_space alter_height=\"huge\" hide_on_mobile=\"\" css=\".vc_custom_1502809425902{margin-bottom: 7.8rem !important;}\"][\/vc_column][\/vc_row]<\/div>[\/vc_column][\/vc_row]<\/p>\n","protected":false},"excerpt":{"rendered":"<p>[vc_row full_width=&#187;stretch_row_content_no_spaces&#187;][vc_column][rev_slider_vc alias=&#187;slider1de&#187;][\/vc_column][\/vc_row][vc_row full_width=&#187;stretch_row&#187; css=&#187;.vc_custom_1499012876613{background-image: url(http:\/\/global-iptv.net\/wp-content\/uploads\/2017\/06\/bg-25.jpg?id=476) !important;background-position: center !important;background-repeat: no-repeat !important;background-size: cover !important;}&#187;][vc_column][\/vc_column][\/vc_row][vc_row][vc_column][\/vc_column][\/vc_row][vc_row][vc_column][\/vc_column][\/vc_row]<\/p>\n","protected":false},"author":1,"featured_media":0,"parent":0,"menu_order":0,"comment_status":"closed","ping_status":"closed","template":"","meta":{"footnotes":""},"class_list":["post-1348","page","type-page","status-publish","hentry"],"_links":{"self":[{"href":"https:\/\/global-iptv.net\/index.php?rest_route=\/wp\/v2\/pages\/1348","targetHints":{"allow":["GET"]}}],"collection":[{"href":"https:\/\/global-iptv.net\/index.php?rest_route=\/wp\/v2\/pages"}],"about":[{"href":"https:\/\/global-iptv.net\/index.php?rest_route=\/wp\/v2\/types\/page"}],"author":[{"embeddable":true,"href":"https:\/\/global-iptv.net\/index.php?rest_route=\/wp\/v2\/users\/1"}],"replies":[{"embeddable":true,"href":"https:\/\/global-iptv.net\/index.php?rest_route=%2Fwp%2Fv2%2Fcomments&post=1348"}],"version-history":[{"count":7,"href":"https:\/\/global-iptv.net\/index.php?rest_route=\/wp\/v2\/pages\/1348\/revisions"}],"predecessor-version":[{"id":2103,"href":"https:\/\/global-iptv.net\/index.php?rest_route=\/wp\/v2\/pages\/1348\/revisions\/2103"}],"wp:attachment":[{"href":"https:\/\/global-iptv.net\/index.php?rest_route=%2Fwp%2Fv2%2Fmedia&parent=1348"}],"curies":[{"name":"wp","href":"https:\/\/api.w.org\/{rel}","templated":true}]}}