{"id":1350,"date":"2025-12-24T13:09:04","date_gmt":"2025-12-24T11:09:04","guid":{"rendered":"https:\/\/global-iptv.net\/?page_id=1350"},"modified":"2025-12-28T17:14:06","modified_gmt":"2025-12-28T15:14:06","slug":"home-1-espanol","status":"publish","type":"page","link":"https:\/\/global-iptv.net\/?page_id=1350&lang=es","title":{"rendered":"Home 1"},"content":{"rendered":"<p>[vc_row full_width=&#187;stretch_row_content_no_spaces&#187;][vc_column][rev_slider_vc alias=&#187;slider1es&#187;][\/vc_column][\/vc_row][vc_row full_width=&#187;stretch_row&#187; css=&#187;.vc_custom_1499012876613{background-image: url(http:\/\/global-iptv.net\/wp-content\/uploads\/2017\/06\/bg-25.jpg?id=476) !important;background-position: center !important;background-repeat: no-repeat !important;background-size: cover !important;}&#187;][vc_column]<div class=\"sc_layouts sc_layouts_default sc_layouts_2069  vc_custom_1502882169480\">[vc_row][vc_column icons_position=\"left\"][vc_empty_space alter_height=\"huge\" hide_on_mobile=\"\"]<div id=\"sc_title_787046570\"\n\t\tclass=\"sc_title color_style_default sc_title_default\"><h6 class=\"sc_item_subtitle sc_title_subtitle sc_align_center sc_item_title_style_default\">Bienvenido<\/h6><h2 class=\"sc_item_title sc_title_title sc_align_center sc_item_title_style_default sc_item_title_tag\">Al mundo de la <i>IP televisi\u00f3n<\/i><\/h2><\/div><!-- \/.sc_title -->[vc_empty_space alter_height=\"medium\" hide_on_mobile=\"\" css=\".vc_custom_1502809051702{margin-top: 0.9rem !important;}\"][vc_row_inner][vc_column_inner width=\"1\/3\" icons_position=\"left\"][vc_single_image image=\"436\" img_size=\"370x199\" alignment=\"center\"]<div id=\"sc_title_1188410553\"\n\t\tclass=\"sc_title color_style_dark sc_title_default  vc_custom_1511736924913\"><h6 class=\"sc_item_title sc_title_title sc_align_center sc_item_title_style_default sc_item_title_tag\">Paquete B\u00e1sico<\/h6><\/div><!-- \/.sc_title --><div class=\"sc_item_button sc_button_wrap sc_align_center\"><a href=\"\/?page_id=1540&#038;lang=es\" id=\"sc_button_1901642179\" class=\"sc_button color_style_default sc_button_default sc_button_size_small sc_button_icon_left\"><span class=\"sc_button_text\"><span class=\"sc_button_title\">info<\/span><\/span><!-- \/.sc_button_text --><\/a><!-- \/.sc_button --><\/div><!-- \/.sc_item_button -->[\/vc_column_inner][vc_column_inner width=\"1\/3\" icons_position=\"left\"][vc_single_image image=\"437\" img_size=\"370x199\" alignment=\"center\"]<div id=\"sc_title_1636721491\"\n\t\tclass=\"sc_title color_style_dark sc_title_default  vc_custom_1511736942091\"><h6 class=\"sc_item_title sc_title_title sc_align_center sc_item_title_style_default sc_item_title_tag\">Paquete Completo<\/h6><\/div><!-- \/.sc_title --><div class=\"sc_item_button sc_button_wrap sc_align_center\"><a href=\"\/?page_id=1556&#038;lang=es\" id=\"sc_button_1476852705\" class=\"sc_button color_style_default sc_button_default sc_button_size_small sc_button_icon_left\"><span class=\"sc_button_text\"><span class=\"sc_button_title\">info<\/span><\/span><!-- \/.sc_button_text --><\/a><!-- \/.sc_button --><\/div><!-- \/.sc_item_button -->[\/vc_column_inner][vc_column_inner width=\"1\/3\" icons_position=\"left\"][vc_single_image image=\"438\" img_size=\"370x199\" alignment=\"center\"]<div id=\"sc_title_1845637028\"\n\t\tclass=\"sc_title color_style_dark sc_title_default  vc_custom_1511737013683\"><h6 class=\"sc_item_title sc_title_title sc_align_center sc_item_title_style_default sc_item_title_tag\">Paquete A la carte<\/h6><\/div><!-- \/.sc_title --><div class=\"sc_item_button sc_button_wrap sc_align_center\"><a href=\"\/?page_id=1588&#038;lang=es\" id=\"sc_button_95460725\" class=\"sc_button color_style_default sc_button_default sc_button_size_small sc_button_icon_left\"><span class=\"sc_button_text\"><span class=\"sc_button_title\">info<\/span><\/span><!-- \/.sc_button_text --><\/a><!-- \/.sc_button --><\/div><!-- \/.sc_item_button -->[\/vc_column_inner][\/vc_row_inner][vc_empty_space alter_height=\"huge\" hide_on_mobile=\"\"][\/vc_column][\/vc_row]<\/div>[\/vc_column][\/vc_row][vc_row][vc_column]<div class=\"sc_layouts sc_layouts_default sc_layouts_2081\">[vc_row full_width=\"stretch_row\" css=\".vc_custom_1502883022463{background-image: url(http:\/\/global-iptv.net\/wp-content\/uploads\/2017\/06\/bg1.jpg?id=606) !important;background-position: 0 0 !important;background-repeat: no-repeat !important;}\"][vc_column icons_position=\"left\"][vc_empty_space alter_height=\"huge\" hide_on_mobile=\"\"]<div id=\"sc_content_533023649\"\n\t\tclass=\"sc_content color_style_default sc_content_grey sc_float_center\"><div class=\"sc_content_container\">[vc_row_inner][vc_column_inner width=\"1\/2\" icons_position=\"left\"]<div id=\"widget_slider_499474537\" class=\"widget_area sc_widget_slider vc_widget_slider wpb_content_element custom\"><aside id=\"widget_slider_499474537_widget\" class=\"widget widget_slider\">\t\t\t<div class=\"slider_wrap slider_engine_swiper\">\n\t\t\t\t<div id=\"widget_slider_499474537_outer\" class=\"slider_outer slider_swiper_outer slider_style_default slider_outer_direction_horizontal slider_outer_one slider_outer_pagination slider_outer_pagination_bullets slider_outer_pagination_pos_bottom_outside slider_outer_nocontrols slider_outer_titles_center\"><div id=\"widget_slider_499474537_swiper\" class=\"slider_container slider_swiper swiper-slider-container slider_nocontrols slider_titles_center slider_noresize slider_height_auto slider_direction_horizontal slider_pagination slider_pagination_bullets slider_pagination_pos_bottom_outside slider_one slider_type_images\" data-ratio=\"16:9\" data-interval=\"7000\" data-effect=\"slide\" data-pagination=\"bullets\" data-direction=\"horizontal\" data-slides-per-view=\"1\" data-slides-space=\"0\"><div class=\"slider-wrapper swiper-wrapper\"><div  class=\"slider-slide swiper-slide\" data-image=\"https:\/\/global-iptv.net\/wp-content\/uploads\/2018\/03\/freedoom1-bw.jpg\" data-title=\"R\u00e1pido\" style=\"\"><img decoding=\"async\" src=\"https:\/\/global-iptv.net\/wp-content\/uploads\/2018\/03\/freedoom1-bw.jpg\" alt=\"R\u00e1pido\"><div class=\"slide_overlay slide_overlay_small\"><\/div><div class=\"slide_info slide_info_small\"><h3 class=\"slide_title\">R\u00e1pido<\/h3><\/div><\/div><div  class=\"slider-slide swiper-slide\" data-image=\"https:\/\/global-iptv.net\/wp-content\/uploads\/2018\/03\/freedoom3-bw.jpg\" data-title=\"F\u00e1cil\" style=\"\"><img decoding=\"async\" src=\"https:\/\/global-iptv.net\/wp-content\/uploads\/2018\/03\/freedoom3-bw.jpg\" alt=\"F\u00e1cil\"><div class=\"slide_overlay slide_overlay_small\"><\/div><div class=\"slide_info slide_info_small\"><h3 class=\"slide_title\">F\u00e1cil<\/h3><\/div><\/div><div  class=\"slider-slide swiper-slide\" data-image=\"https:\/\/global-iptv.net\/wp-content\/uploads\/2018\/03\/freedoom4.jpg\" data-title=\"C\u00f3modo\" style=\"\"><img decoding=\"async\" src=\"https:\/\/global-iptv.net\/wp-content\/uploads\/2018\/03\/freedoom4.jpg\" alt=\"C\u00f3modo\"><div class=\"slide_overlay slide_overlay_small\"><\/div><div class=\"slide_info slide_info_small\"><h3 class=\"slide_title\">C\u00f3modo<\/h3><\/div><\/div><\/div><!-- \/.slider-wrapper --><\/div><!-- \/.slider_swiper --><div class=\"slider_pagination_wrap swiper-pagination\"><\/div><\/div><!-- \/.slider_outer -->\t\t\t<\/div>\n\t\t\t<\/aside><\/div>[\/vc_column_inner][vc_column_inner width=\"1\/2\" icons_position=\"left\" offset=\"vc_col-md-offset-1 vc_col-md-5\"]<div id=\"sc_title_1000553885\"\n\t\tclass=\"sc_title color_style_default sc_title_default\"><h6 class=\"sc_item_subtitle sc_title_subtitle sc_align_left sc_item_title_style_default\">configuraci\u00f3n f\u00e1cil...<\/h6><h2 class=\"sc_item_title sc_title_title sc_align_left sc_item_title_style_default sc_item_title_tag\">\u00a1sin registros!<\/h2><div class=\"sc_item_descr sc_title_descr sc_align_left\"><p>Nuestro portal utiliza las \u00faltimas tecnolog\u00edas de registro, lo que significa que no necesita registrarse en ning\u00fan sitio; todo sucede autom\u00e1ticamente.<\/p>\n<p>Al entrar al portal por primera vez, se activa una prueba de 1 d\u00eda para que pueda comprobar la calidad de la emisi\u00f3n.<\/p>\n<\/div><div class=\"sc_item_button sc_button_wrap sc_align_left\"><a href=\"\/?page_id=2049&#038;lang=es\" id=\"sc_button_887457074\" class=\"sc_button color_style_default sc_button_default sc_item_button sc_item_button_default sc_title_button sc_button_size_normal sc_button_icon_left\"><span class=\"sc_button_text\"><span class=\"sc_button_title\">configuraci\u00f3n<\/span><\/span><!-- \/.sc_button_text --><\/a><!-- \/.sc_button --><\/div><!-- \/.sc_item_button --><\/div><!-- \/.sc_title -->[\/vc_column_inner][\/vc_row_inner]<\/div><\/div><!-- \/.sc_content -->[vc_empty_space alter_height=\"huge\" hide_on_mobile=\"\"][\/vc_column][\/vc_row]<\/div>[\/vc_column][\/vc_row][vc_row][vc_column]<div class=\"sc_layouts sc_layouts_default sc_layouts_2095\">[vc_row full_width=\"stretch_row\" css=\".vc_custom_1499075715831{background-image: url(http:\/\/global-iptv.net\/wp-content\/uploads\/2017\/07\/promo_bg2.jpg?id=511) !important;background-position: center !important;background-repeat: no-repeat !important;background-size: cover !important;}\"][vc_column icons_position=\"left\"][vc_empty_space alter_height=\"huge\" hide_on_mobile=\"\" css=\".vc_custom_1502804526567{margin-top: 2.8rem !important;}\"]<div  id=\"sc_action_1528924170\" \n\tclass=\"sc_action color_style_default scheme_dark sc_action_default\"><h3 class=\"sc_item_title sc_action_title sc_align_center sc_item_title_style_default\"> Multigrupo Hogare\u00f1o <i>disfrutando en cada rinc\u00f3n de nuestra casa<\/i><\/h3><div class=\"sc_item_descr sc_action_descr sc_align_center\"><p>Hoy hemos implementado un innovador y flexible sistema de \u00abMultigrupo Hogare\u00f1o\u00bb, que le permitir\u00e1 ahorrar al ver contenidos en un segundo dispositivo y en los siguientes (3.\u00ba, 4.\u00ba, 5.\u00ba).<br \/>\nEl \u00abMultigrupo Hogare\u00f1o\u00bb se diferencia ventajosamente del sistema multiroom cl\u00e1sico.<br \/>\nCon nuestro sistema de \u00abMultigrupo Hogare\u00f1o\u00bb, usted mismo puede gestionar la cantidad de dispositivos en el grupo y el tiempo de su conexi\u00f3n, incluyendo o excluyendo sus dispositivos seg\u00fan sea necesario.<\/p>\n<p>De esta manera, puede ahorrar y pagar por dispositivos adicionales solo durante el per\u00edodo de tiempo limitado que usted defina.<\/p>\n<\/div><div class=\"sc_action_content sc_item_content\"><div class=\"sc_action_item sc_action_item_default sc_action_item_mc\">\n\t\t\t<\/div><\/div><\/div><!-- \/.sc_action -->[vc_empty_space alter_height=\"small\" hide_on_mobile=\"\"]<div class=\"sc_item_button sc_button_wrap sc_align_center\"><a href=\"\/?page_id=2030&#038;lang=es\" id=\"sc_button_1356714057\" class=\"sc_button color_style_default sc_button_alternative sc_button_size_large sc_button_icon_left\"><span class=\"sc_button_text\"><span class=\"sc_button_title\">leer m\u00e1s<\/span><\/span><!-- \/.sc_button_text --><\/a><!-- \/.sc_button --><\/div><!-- \/.sc_item_button -->[vc_empty_space alter_height=\"huge\" hide_on_mobile=\"\" css=\".vc_custom_1502809425902{margin-bottom: 7.8rem !important;}\"][\/vc_column][\/vc_row]<\/div>[\/vc_column][\/vc_row]<\/p>\n","protected":false},"excerpt":{"rendered":"<p>[vc_row full_width=&#187;stretch_row_content_no_spaces&#187;][vc_column][rev_slider_vc alias=&#187;slider1es&#187;][\/vc_column][\/vc_row][vc_row full_width=&#187;stretch_row&#187; css=&#187;.vc_custom_1499012876613{background-image: url(http:\/\/global-iptv.net\/wp-content\/uploads\/2017\/06\/bg-25.jpg?id=476) !important;background-position: center !important;background-repeat: no-repeat !important;background-size: cover !important;}&#187;][vc_column][\/vc_column][\/vc_row][vc_row][vc_column][\/vc_column][\/vc_row][vc_row][vc_column][\/vc_column][\/vc_row]<\/p>\n","protected":false},"author":1,"featured_media":0,"parent":0,"menu_order":0,"comment_status":"closed","ping_status":"closed","template":"","meta":{"footnotes":""},"class_list":["post-1350","page","type-page","status-publish","hentry"],"_links":{"self":[{"href":"https:\/\/global-iptv.net\/index.php?rest_route=\/wp\/v2\/pages\/1350","targetHints":{"allow":["GET"]}}],"collection":[{"href":"https:\/\/global-iptv.net\/index.php?rest_route=\/wp\/v2\/pages"}],"about":[{"href":"https:\/\/global-iptv.net\/index.php?rest_route=\/wp\/v2\/types\/page"}],"author":[{"embeddable":true,"href":"https:\/\/global-iptv.net\/index.php?rest_route=\/wp\/v2\/users\/1"}],"replies":[{"embeddable":true,"href":"https:\/\/global-iptv.net\/index.php?rest_route=%2Fwp%2Fv2%2Fcomments&post=1350"}],"version-history":[{"count":7,"href":"https:\/\/global-iptv.net\/index.php?rest_route=\/wp\/v2\/pages\/1350\/revisions"}],"predecessor-version":[{"id":2101,"href":"https:\/\/global-iptv.net\/index.php?rest_route=\/wp\/v2\/pages\/1350\/revisions\/2101"}],"wp:attachment":[{"href":"https:\/\/global-iptv.net\/index.php?rest_route=%2Fwp%2Fv2%2Fmedia&parent=1350"}],"curies":[{"name":"wp","href":"https:\/\/api.w.org\/{rel}","templated":true}]}}