{"id":1583,"date":"2025-12-25T20:59:09","date_gmt":"2025-12-25T18:59:09","guid":{"rendered":"https:\/\/global-iptv.net\/?page_id=1583"},"modified":"2025-12-25T20:59:47","modified_gmt":"2025-12-25T18:59:47","slug":"a-la-carte-tarif","status":"publish","type":"page","link":"https:\/\/global-iptv.net\/?page_id=1583&lang=de","title":{"rendered":"\u00c0-la-carte Tarif"},"content":{"rendered":"<p>[vc_row][vc_column]<div class=\"sc_layouts sc_layouts_default sc_layouts_1582\">[vc_row full_width=\"stretch_row\" css=\".vc_custom_1502883022463{background-image: url(\/wp-content\/uploads\/2017\/06\/bg1.jpg?id=606) !important;background-position: 0 0 !important;background-repeat: no-repeat !important;}\"][vc_column icons_position=\"left\"][vc_empty_space alter_height=\"huge\" hide_on_mobile=\"\"]<div id=\"sc_content_1298305843\"\n\t\tclass=\"sc_content color_style_default sc_content_grey sc_float_center\"><div class=\"sc_content_container\">[vc_row_inner][vc_column_inner width=\"1\/2\" icons_position=\"left\"]<div id=\"widget_slider_1679132650\" class=\"widget_area sc_widget_slider vc_widget_slider wpb_content_element custom\"><aside id=\"widget_slider_1679132650_widget\" class=\"widget widget_slider\">\t\t\t<div class=\"slider_wrap slider_engine_swiper\">\n\t\t\t\t<div id=\"widget_slider_1679132650_outer\" class=\"slider_outer slider_swiper_outer slider_style_default slider_outer_direction_horizontal slider_outer_one slider_outer_pagination slider_outer_pagination_bullets slider_outer_pagination_pos_bottom_outside slider_outer_nocontrols slider_outer_titles_center\"><div id=\"widget_slider_1679132650_swiper\" class=\"slider_container slider_swiper swiper-slider-container slider_nocontrols slider_titles_center slider_noresize slider_height_auto slider_direction_horizontal slider_pagination slider_pagination_bullets slider_pagination_pos_bottom_outside slider_one slider_type_images\" data-ratio=\"16:9\" data-interval=\"7000\" data-effect=\"slide\" data-pagination=\"bullets\" data-direction=\"horizontal\" data-slides-per-view=\"1\" data-slides-space=\"0\"><div class=\"slider-wrapper swiper-wrapper\"><div  class=\"slider-slide swiper-slide\" data-image=\"https:\/\/global-iptv.net\/wp-content\/uploads\/2017\/11\/sport-slider.jpg\" style=\"\"><img decoding=\"async\" src=\"https:\/\/global-iptv.net\/wp-content\/uploads\/2017\/11\/sport-slider.jpg\" alt=\"\"><\/div><div  class=\"slider-slide swiper-slide\" data-image=\"https:\/\/global-iptv.net\/wp-content\/uploads\/2017\/11\/travel-slider.jpg\" style=\"\"><img decoding=\"async\" src=\"https:\/\/global-iptv.net\/wp-content\/uploads\/2017\/11\/travel-slider.jpg\" alt=\"\"><\/div><div  class=\"slider-slide swiper-slide\" data-image=\"https:\/\/global-iptv.net\/wp-content\/uploads\/revslider\/slider-2\/slide3.jpg\" style=\"\"><img decoding=\"async\" src=\"https:\/\/global-iptv.net\/wp-content\/uploads\/revslider\/slider-2\/slide3.jpg\" alt=\"\"><\/div><\/div><!-- \/.slider-wrapper --><\/div><!-- \/.slider_swiper --><div class=\"slider_pagination_wrap swiper-pagination\"><\/div><\/div><!-- \/.slider_outer -->\t\t\t<\/div>\n\t\t\t<\/aside><\/div>[\/vc_column_inner][vc_column_inner width=\"1\/2\" icons_position=\"left\" offset=\"vc_col-md-offset-1 vc_col-md-5\"]<div id=\"sc_title_1068422654\"\n\t\tclass=\"sc_title color_style_default sc_title_default\"><h6 class=\"sc_item_subtitle sc_title_subtitle sc_align_left sc_item_title_style_default\">\u00c0-la-carte-Tarif<\/h6><h2 class=\"sc_item_title sc_title_title sc_align_left sc_item_title_style_default sc_item_title_tag\">\u00dcber 480 Sender<\/h2><div class=\"sc_item_descr sc_title_descr sc_align_left\"><p>F\u00fcr alle, die wenig Zeit haben, ihre Lieblingssender zu sehen, haben wir den \u00c0-la-carte-Tarif entwickelt. Bei diesem Paket k\u00f6nnen Sie Ihr Guthaben jederzeit aufladen. Der Betrag bleibt so lange auf Ihrem Konto, bis Sie ihn nutzen. Die Abrechnung erfolgt minutengenau (nur <strong>0,06 Euro pro Stunde<\/strong> ). <strong>Die Abbuchung erfolgt erst nach dem Ansehen!<\/strong> Es fallen keine Kosten an, solange Sie nicht fernsehen. + Alle beliebten Sender bieten ein 7-Tage-Archiv ihrer Programme. + Zus\u00e4tzlich verwandelt eine umfangreiche Videothek Ihr Zuhause in ein Heimkino.<\/p>\n<\/div><div class=\"sc_item_button sc_button_wrap sc_align_left\"><a href=\"\/?page_id=1403&#038;lang=de\" id=\"sc_button_1365177883\" class=\"sc_button color_style_default sc_button_default sc_item_button sc_item_button_default sc_title_button sc_button_size_normal sc_button_icon_left\"><span class=\"sc_button_text\"><span class=\"sc_button_title\">Jetzt kaufen<\/span><\/span><!-- \/.sc_button_text --><\/a><!-- \/.sc_button --><\/div><!-- \/.sc_item_button --><\/div><!-- \/.sc_title -->[\/vc_column_inner][\/vc_row_inner]<\/div><\/div><!-- \/.sc_content -->[vc_empty_space alter_height=\"huge\" hide_on_mobile=\"\"][\/vc_column][\/vc_row]<\/div>[\/vc_column][\/vc_row]<\/p>\n","protected":false},"excerpt":{"rendered":"<p>[vc_row][vc_column][\/vc_column][\/vc_row]<\/p>\n","protected":false},"author":1,"featured_media":0,"parent":0,"menu_order":0,"comment_status":"closed","ping_status":"closed","template":"","meta":{"footnotes":""},"class_list":["post-1583","page","type-page","status-publish","hentry"],"_links":{"self":[{"href":"https:\/\/global-iptv.net\/index.php?rest_route=\/wp\/v2\/pages\/1583","targetHints":{"allow":["GET"]}}],"collection":[{"href":"https:\/\/global-iptv.net\/index.php?rest_route=\/wp\/v2\/pages"}],"about":[{"href":"https:\/\/global-iptv.net\/index.php?rest_route=\/wp\/v2\/types\/page"}],"author":[{"embeddable":true,"href":"https:\/\/global-iptv.net\/index.php?rest_route=\/wp\/v2\/users\/1"}],"replies":[{"embeddable":true,"href":"https:\/\/global-iptv.net\/index.php?rest_route=%2Fwp%2Fv2%2Fcomments&post=1583"}],"version-history":[{"count":2,"href":"https:\/\/global-iptv.net\/index.php?rest_route=\/wp\/v2\/pages\/1583\/revisions"}],"predecessor-version":[{"id":1585,"href":"https:\/\/global-iptv.net\/index.php?rest_route=\/wp\/v2\/pages\/1583\/revisions\/1585"}],"wp:attachment":[{"href":"https:\/\/global-iptv.net\/index.php?rest_route=%2Fwp%2Fv2%2Fmedia&parent=1583"}],"curies":[{"name":"wp","href":"https:\/\/api.w.org\/{rel}","templated":true}]}}