{"id":1588,"date":"2025-12-25T21:06:41","date_gmt":"2025-12-25T19:06:41","guid":{"rendered":"https:\/\/global-iptv.net\/?page_id=1588"},"modified":"2025-12-25T21:06:41","modified_gmt":"2025-12-25T19:06:41","slug":"tarifa-a-la-carta","status":"publish","type":"page","link":"https:\/\/global-iptv.net\/?page_id=1588&lang=es","title":{"rendered":"TARIFA A la Carta"},"content":{"rendered":"<p>[vc_row][vc_column]<div class=\"sc_layouts sc_layouts_default sc_layouts_1586\">[vc_row full_width=\"stretch_row\" css=\".vc_custom_1502883022463{background-image: url(\/wp-content\/uploads\/2017\/06\/bg1.jpg?id=606) !important;background-position: 0 0 !important;background-repeat: no-repeat !important;}\"][vc_column icons_position=\"left\"][vc_empty_space alter_height=\"huge\" hide_on_mobile=\"\"]<div id=\"sc_content_244509835\"\n\t\tclass=\"sc_content color_style_default sc_content_grey sc_float_center\"><div class=\"sc_content_container\">[vc_row_inner][vc_column_inner width=\"1\/2\" icons_position=\"left\"]<div id=\"widget_slider_561033241\" class=\"widget_area sc_widget_slider vc_widget_slider wpb_content_element custom\"><aside id=\"widget_slider_561033241_widget\" class=\"widget widget_slider\">\t\t\t<div class=\"slider_wrap slider_engine_swiper\">\n\t\t\t\t<div id=\"widget_slider_561033241_outer\" class=\"slider_outer slider_swiper_outer slider_style_default slider_outer_direction_horizontal slider_outer_one slider_outer_pagination slider_outer_pagination_bullets slider_outer_pagination_pos_bottom_outside slider_outer_nocontrols slider_outer_titles_center\"><div id=\"widget_slider_561033241_swiper\" class=\"slider_container slider_swiper swiper-slider-container slider_nocontrols slider_titles_center slider_noresize slider_height_auto slider_direction_horizontal slider_pagination slider_pagination_bullets slider_pagination_pos_bottom_outside slider_one slider_type_images\" data-ratio=\"16:9\" data-interval=\"7000\" data-effect=\"slide\" data-pagination=\"bullets\" data-direction=\"horizontal\" data-slides-per-view=\"1\" data-slides-space=\"0\"><div class=\"slider-wrapper swiper-wrapper\"><div  class=\"slider-slide swiper-slide\" data-image=\"https:\/\/global-iptv.net\/wp-content\/uploads\/2017\/11\/sport-slider.jpg\" style=\"\"><img decoding=\"async\" src=\"https:\/\/global-iptv.net\/wp-content\/uploads\/2017\/11\/sport-slider.jpg\" alt=\"\"><\/div><div  class=\"slider-slide swiper-slide\" data-image=\"https:\/\/global-iptv.net\/wp-content\/uploads\/2017\/11\/travel-slider.jpg\" style=\"\"><img decoding=\"async\" src=\"https:\/\/global-iptv.net\/wp-content\/uploads\/2017\/11\/travel-slider.jpg\" alt=\"\"><\/div><div  class=\"slider-slide swiper-slide\" data-image=\"https:\/\/global-iptv.net\/wp-content\/uploads\/revslider\/slider-2\/slide3.jpg\" style=\"\"><img decoding=\"async\" src=\"https:\/\/global-iptv.net\/wp-content\/uploads\/revslider\/slider-2\/slide3.jpg\" alt=\"\"><\/div><\/div><!-- \/.slider-wrapper --><\/div><!-- \/.slider_swiper --><div class=\"slider_pagination_wrap swiper-pagination\"><\/div><\/div><!-- \/.slider_outer -->\t\t\t<\/div>\n\t\t\t<\/aside><\/div>[\/vc_column_inner][vc_column_inner width=\"1\/2\" icons_position=\"left\" offset=\"vc_col-md-offset-1 vc_col-md-5\"]<div id=\"sc_title_133563542\"\n\t\tclass=\"sc_title color_style_default sc_title_default\"><h6 class=\"sc_item_subtitle sc_title_subtitle sc_align_left sc_item_title_style_default\">TARIFA A la Carta<\/h6><h2 class=\"sc_item_title sc_title_title sc_align_left sc_item_title_style_default sc_item_title_tag\">M\u00e1s de 480 canales<\/h2><div class=\"sc_item_descr sc_title_descr sc_align_left\"><p>Para quienes no disponen de mucho tiempo para ver sus canales favoritos, hemos creado el plan A la Carta. Al elegir este paquete, puede a\u00f1adir cualquier cantidad a su cuenta. El importe permanecer\u00e1 en su cuenta hasta que la utilice. El cargo se realiza por minuto (solo <strong>0,06 euros por hora<\/strong>). <strong>\u00a1Solo se cobrar\u00e1 despu\u00e9s de ver!<\/strong> No se cobrar\u00e1 sin ver. + Todos los canales populares ofrecen un archivo de programaci\u00f3n de 7 d\u00edas. + Adem\u00e1s, una completa videoteca convertir\u00e1 su casa en un aut\u00e9ntico cine.<\/p>\n<\/div><div class=\"sc_item_button sc_button_wrap sc_align_left\"><a href=\"\/?page_id=1415&#038;lang=es\" id=\"sc_button_1647029948\" class=\"sc_button color_style_default sc_button_default sc_item_button sc_item_button_default sc_title_button sc_button_size_normal sc_button_icon_left\"><span class=\"sc_button_text\"><span class=\"sc_button_title\">Comprar<\/span><\/span><!-- \/.sc_button_text --><\/a><!-- \/.sc_button --><\/div><!-- \/.sc_item_button --><\/div><!-- \/.sc_title -->[\/vc_column_inner][\/vc_row_inner]<\/div><\/div><!-- \/.sc_content -->[vc_empty_space alter_height=\"huge\" hide_on_mobile=\"\"][\/vc_column][\/vc_row]<\/div>[\/vc_column][\/vc_row]<\/p>\n","protected":false},"excerpt":{"rendered":"<p>[vc_row][vc_column][\/vc_column][\/vc_row]<\/p>\n","protected":false},"author":1,"featured_media":0,"parent":0,"menu_order":0,"comment_status":"closed","ping_status":"closed","template":"","meta":{"footnotes":""},"class_list":["post-1588","page","type-page","status-publish","hentry"],"_links":{"self":[{"href":"https:\/\/global-iptv.net\/index.php?rest_route=\/wp\/v2\/pages\/1588","targetHints":{"allow":["GET"]}}],"collection":[{"href":"https:\/\/global-iptv.net\/index.php?rest_route=\/wp\/v2\/pages"}],"about":[{"href":"https:\/\/global-iptv.net\/index.php?rest_route=\/wp\/v2\/types\/page"}],"author":[{"embeddable":true,"href":"https:\/\/global-iptv.net\/index.php?rest_route=\/wp\/v2\/users\/1"}],"replies":[{"embeddable":true,"href":"https:\/\/global-iptv.net\/index.php?rest_route=%2Fwp%2Fv2%2Fcomments&post=1588"}],"version-history":[{"count":1,"href":"https:\/\/global-iptv.net\/index.php?rest_route=\/wp\/v2\/pages\/1588\/revisions"}],"predecessor-version":[{"id":1589,"href":"https:\/\/global-iptv.net\/index.php?rest_route=\/wp\/v2\/pages\/1588\/revisions\/1589"}],"wp:attachment":[{"href":"https:\/\/global-iptv.net\/index.php?rest_route=%2Fwp%2Fv2%2Fmedia&parent=1588"}],"curies":[{"name":"wp","href":"https:\/\/api.w.org\/{rel}","templated":true}]}}