{"id":2025,"date":"2025-12-28T12:10:59","date_gmt":"2025-12-28T10:10:59","guid":{"rendered":"https:\/\/global-iptv.net\/?page_id=2025"},"modified":"2025-12-28T12:11:00","modified_gmt":"2025-12-28T10:11:00","slug":"heim-multigruppe","status":"publish","type":"page","link":"https:\/\/global-iptv.net\/?page_id=2025&lang=de","title":{"rendered":"&#171;Heim-Multigruppe&#187;"},"content":{"rendered":"<p><span class=\"trx_addons_accent_big\">Heute haben wir ein innovatives, flexibles System namens \u201eHeim-Multigruppe\u201c eingef\u00fchrt, <\/span><\/p>\n<p><big>das es Ihnen erm\u00f6glicht, beim Schauen auf dem zweiten und weiteren (3., 4., 5.) Ger\u00e4ten zu sparen.<\/big><\/p>\n<p><big><strong>\u201eHeim-Multigruppe\u201c<\/strong> unterscheidet sich vorteilhaft vom klassischen Multiroom-System durch flexible M\u00f6glichkeiten f\u00fcr zus\u00e4tzliche Ersparnisse.<\/big><\/p>\n<p><big>In unserem System <strong>&#171;Heim-Multigruppe&#187;<\/strong> k\u00f6nnen Sie die Anzahl der Ger\u00e4te in der Gruppe und die Zeit ihrer Verbindung zur Gruppe selbst verwalten, indem Sie Ihre Ger\u00e4te nach Bedarf hinzuf\u00fcgen oder ausschlie\u00dfen. Dadurch k\u00f6nnen Sie sparen und f\u00fcr zus\u00e4tzliche Ger\u00e4te nur f\u00fcr einen von Ihnen festgelegten begrenzten Zeitraum bezahlen.<\/big><\/p>\n<p><span class=\"trx_addons_accent_big\">Funktionsprinzip des Systems \u201eHeim-Multigruppe\u201c:<\/span><\/p>\n<ul>\n<li>Wenn Sie zu Hause mehrere Ger\u00e4te haben, sind diese derzeit \u00fcber verschiedene Kundenkonten mit unserem Portal verbunden. Jetzt k\u00f6nnen Sie diese Konten zu einer \u201eHeim-Multigruppe\u201c zusammenf\u00fchren. Dabei wird ein Kundenkonto Ihr Hauptkonto sein (\u00fcber das alle Finanztransaktionen abgewickelt werden), w\u00e4hrend die anderen als Zusatzkonten dienen. Im Rahmen der \u201eHeim-Multigruppe\u201c wird ein Ger\u00e4t (das Hauptger\u00e4t) gem\u00e4\u00df dem Tarif voll berechnet, w\u00e4hrend das <strong>zweite und dritte (zus\u00e4tzliche Ger\u00e4te) v\u00f6llig kostenlos sind.<\/strong> Dieser Ansatz erm\u00f6glicht Ihnen erhebliche Einsparungen.<\/li>\n<li>Sie k\u00f6nnen Kundenkonten selbstst\u00e4ndig in die \u201eHeim-Multigruppe\u201c aufnehmen oder daraus ausschlie\u00dfen. Wichtig ist nur, dass die mit diesen Konten verkn\u00fcpften Ger\u00e4te beim Einloggen in das Portal dieselbe externe IP-Adresse haben.<\/li>\n<li>Das Hinzuf\u00fcgen zur \u201eHeim-Multigruppe\u201c erfolgt im pers\u00f6nlichen Kundenbereich des Abonnenten im Portal auf dem Fernsehbildschirm oder beim Einloggen in das Kundenkonto \u00fcber einen PC.<\/li>\n<li>Beim Hinzuf\u00fcgen eines Ger\u00e4ts als Zusatzger\u00e4t zur \u201eHeim-Multigruppe\u201c wird das gesamte auf diesem Konto vorhandene positive Guthaben auf das Hauptkonto der \u201eHeim-Multigruppe\u201c \u00fcbertragen.<\/li>\n<li>Alle Abbuchungen f\u00fcr alle Kundenkonten der \u201eHeim-Multigruppe\u201c erfolgen ausschlie\u00dflich vom Hauptkonto der Gruppe. Folglich sollte auch nur das Hauptkonto der \u201eHeim-Multigruppe\u201c aufgeladen werden.<\/li>\n<li>Der Service wird nur innerhalb einer IP-Adresse bereitgestellt, d. h. innerhalb eines Heimnetzwerks.<\/li>\n<li>Der Service ist nur f\u00fcr den Tarif \u201eVollst\u00e4ndig\u201c (Full) verf\u00fcgbar.<\/li>\n<li>Es k\u00f6nnen maximal bis zu 3 Kundenkonten in einer Gruppe zusammengefasst werden.<\/li>\n<li>Die Mindestdauer, f\u00fcr die Sie ein zus\u00e4tzliches Kundenkonto mit der \u201eHeim-Multigruppe\u201c verbinden k\u00f6nnen, betr\u00e4gt 72 Stunden. Das bedeutet, dass Sie ein zus\u00e4tzliches Konto fr\u00fchestens nach Ablauf von 3 Tagen nach der Verbindung selbstst\u00e4ndig \u00fcber das Kundenkonto trennen k\u00f6nnen.<\/li>\n<\/ul>\n<p><span class=\"trx_addons_accent_big\">Zus\u00e4tzliche Ger\u00e4te verbinden:<\/span><\/p>\n<p>Rufen Sie das Kundenkonto (\u041b\u0438\u0447\u043d\u044b\u0439 \u041a\u0430\u0431\u0438\u043d\u0435\u0442) auf<\/p>\n<p><img loading=\"lazy\" decoding=\"async\" class=\"alignnone size-large wp-image-1154\" src=\"http:\/\/global-iptv.net\/wp-content\/uploads\/2019\/05\/moulty-1q-1024x570.jpg\" alt=\"\" width=\"1024\" height=\"570\" srcset=\"https:\/\/global-iptv.net\/wp-content\/uploads\/2019\/05\/moulty-1q-1024x570.jpg 1024w, https:\/\/global-iptv.net\/wp-content\/uploads\/2019\/05\/moulty-1q-300x167.jpg 300w, https:\/\/global-iptv.net\/wp-content\/uploads\/2019\/05\/moulty-1q-768x428.jpg 768w, https:\/\/global-iptv.net\/wp-content\/uploads\/2019\/05\/moulty-1q-370x206.jpg 370w, https:\/\/global-iptv.net\/wp-content\/uploads\/2019\/05\/moulty-1q-760x423.jpg 760w, https:\/\/global-iptv.net\/wp-content\/uploads\/2019\/05\/moulty-1q-740x412.jpg 740w, https:\/\/global-iptv.net\/wp-content\/uploads\/2019\/05\/moulty-1q.jpg 1277w\" sizes=\"auto, (max-width: 1024px) 100vw, 1024px\" \/><\/p>\n<p>Klicken Sie auf \u201eMultiroom\u201c (\u041c\u0443\u043b\u044c\u0442\u0438\u0440\u0443\u043c)<\/p>\n<p><img loading=\"lazy\" decoding=\"async\" class=\"alignnone size-large wp-image-1153\" src=\"http:\/\/global-iptv.net\/wp-content\/uploads\/2019\/05\/moulty-3q-1024x571.jpg\" alt=\"\" width=\"1024\" height=\"571\" srcset=\"https:\/\/global-iptv.net\/wp-content\/uploads\/2019\/05\/moulty-3q-1024x571.jpg 1024w, https:\/\/global-iptv.net\/wp-content\/uploads\/2019\/05\/moulty-3q-300x167.jpg 300w, https:\/\/global-iptv.net\/wp-content\/uploads\/2019\/05\/moulty-3q-768x428.jpg 768w, https:\/\/global-iptv.net\/wp-content\/uploads\/2019\/05\/moulty-3q-370x206.jpg 370w, https:\/\/global-iptv.net\/wp-content\/uploads\/2019\/05\/moulty-3q-760x424.jpg 760w, https:\/\/global-iptv.net\/wp-content\/uploads\/2019\/05\/moulty-3q-740x413.jpg 740w, https:\/\/global-iptv.net\/wp-content\/uploads\/2019\/05\/moulty-3q-270x152.jpg 270w, https:\/\/global-iptv.net\/wp-content\/uploads\/2019\/05\/moulty-3q.jpg 1271w\" sizes=\"auto, (max-width: 1024px) 100vw, 1024px\" \/><\/p>\n<p>Dr\u00fccken Sie \u201e<strong>OK<\/strong>\u201c in der gr\u00fcnen Zeile<\/p>\n<p><img loading=\"lazy\" decoding=\"async\" class=\"alignnone size-large wp-image-1152\" src=\"http:\/\/global-iptv.net\/wp-content\/uploads\/2019\/05\/moulty-4q-1024x570.jpg\" alt=\"\" width=\"1024\" height=\"570\" srcset=\"https:\/\/global-iptv.net\/wp-content\/uploads\/2019\/05\/moulty-4q-1024x570.jpg 1024w, https:\/\/global-iptv.net\/wp-content\/uploads\/2019\/05\/moulty-4q-300x167.jpg 300w, https:\/\/global-iptv.net\/wp-content\/uploads\/2019\/05\/moulty-4q-768x428.jpg 768w, https:\/\/global-iptv.net\/wp-content\/uploads\/2019\/05\/moulty-4q-370x206.jpg 370w, https:\/\/global-iptv.net\/wp-content\/uploads\/2019\/05\/moulty-4q-760x423.jpg 760w, https:\/\/global-iptv.net\/wp-content\/uploads\/2019\/05\/moulty-4q-740x412.jpg 740w, https:\/\/global-iptv.net\/wp-content\/uploads\/2019\/05\/moulty-4q.jpg 1271w\" sizes=\"auto, (max-width: 1024px) 100vw, 1024px\" \/><\/p>\n<p>Geben Sie den Kindersicherungscode ein (standardm\u00e4\u00dfig <strong>0000<\/strong>)<\/p>\n<p><img loading=\"lazy\" decoding=\"async\" class=\"alignnone size-large wp-image-1151\" src=\"http:\/\/global-iptv.net\/wp-content\/uploads\/2019\/05\/moulty-5q-1024x569.jpg\" alt=\"\" width=\"1024\" height=\"569\" srcset=\"https:\/\/global-iptv.net\/wp-content\/uploads\/2019\/05\/moulty-5q-1024x569.jpg 1024w, https:\/\/global-iptv.net\/wp-content\/uploads\/2019\/05\/moulty-5q-300x167.jpg 300w, https:\/\/global-iptv.net\/wp-content\/uploads\/2019\/05\/moulty-5q-768x427.jpg 768w, https:\/\/global-iptv.net\/wp-content\/uploads\/2019\/05\/moulty-5q-370x206.jpg 370w, https:\/\/global-iptv.net\/wp-content\/uploads\/2019\/05\/moulty-5q-760x422.jpg 760w, https:\/\/global-iptv.net\/wp-content\/uploads\/2019\/05\/moulty-5q-740x411.jpg 740w, https:\/\/global-iptv.net\/wp-content\/uploads\/2019\/05\/moulty-5q.jpg 1270w\" sizes=\"auto, (max-width: 1024px) 100vw, 1024px\" \/><\/p>\n<p>Geben Sie die Kontonummer (\u041b\u0421) des Ger\u00e4ts ein, das mit der \u201eHeim-Multigruppe\u201c verkn\u00fcpft werden soll, und dr\u00fccken Sie OK.<\/p>\n","protected":false},"excerpt":{"rendered":"<p>Heute haben wir ein innovatives, flexibles System namens \u201eHeim-Multigruppe\u201c eingef\u00fchrt, das es Ihnen erm\u00f6glicht, beim Schauen auf dem zweiten und weiteren (3., 4., 5.) Ger\u00e4ten zu sparen. \u201eHeim-Multigruppe\u201c unterscheidet sich vorteilhaft vom klassischen Multiroom-System durch flexible M\u00f6glichkeiten f\u00fcr zus\u00e4tzliche Ersparnisse. In unserem System &#171;Heim-Multigruppe&#187; k\u00f6nnen Sie die Anzahl der Ger\u00e4te in der Gruppe und die Zeit ihrer Verbindung zur Gruppe&hellip;<\/p>\n","protected":false},"author":1,"featured_media":0,"parent":0,"menu_order":0,"comment_status":"closed","ping_status":"closed","template":"","meta":{"footnotes":""},"class_list":["post-2025","page","type-page","status-publish","hentry"],"_links":{"self":[{"href":"https:\/\/global-iptv.net\/index.php?rest_route=\/wp\/v2\/pages\/2025","targetHints":{"allow":["GET"]}}],"collection":[{"href":"https:\/\/global-iptv.net\/index.php?rest_route=\/wp\/v2\/pages"}],"about":[{"href":"https:\/\/global-iptv.net\/index.php?rest_route=\/wp\/v2\/types\/page"}],"author":[{"embeddable":true,"href":"https:\/\/global-iptv.net\/index.php?rest_route=\/wp\/v2\/users\/1"}],"replies":[{"embeddable":true,"href":"https:\/\/global-iptv.net\/index.php?rest_route=%2Fwp%2Fv2%2Fcomments&post=2025"}],"version-history":[{"count":1,"href":"https:\/\/global-iptv.net\/index.php?rest_route=\/wp\/v2\/pages\/2025\/revisions"}],"predecessor-version":[{"id":2026,"href":"https:\/\/global-iptv.net\/index.php?rest_route=\/wp\/v2\/pages\/2025\/revisions\/2026"}],"wp:attachment":[{"href":"https:\/\/global-iptv.net\/index.php?rest_route=%2Fwp%2Fv2%2Fmedia&parent=2025"}],"curies":[{"name":"wp","href":"https:\/\/api.w.org\/{rel}","templated":true}]}}