{"id":2030,"date":"2025-12-28T12:17:28","date_gmt":"2025-12-28T10:17:28","guid":{"rendered":"https:\/\/global-iptv.net\/?page_id=2030"},"modified":"2025-12-28T12:17:29","modified_gmt":"2025-12-28T10:17:29","slug":"multigrupo-domestico","status":"publish","type":"page","link":"https:\/\/global-iptv.net\/?page_id=2030&lang=es","title":{"rendered":"&#171;Multigrupo dom\u00e9stico&#187;"},"content":{"rendered":"<p><span class=\"trx_addons_accent_big\">A d\u00eda de hoy, hemos implementado el innovador y flexible sistema &#171;Multigrupo dom\u00e9stico&#187;, <\/span><\/p>\n<p><big>que le permitir\u00e1 ahorrar al visualizar contenido en un segundo y posteriores (3\u00ba, 4\u00ba, 5\u00ba) dispositivos.<\/big><\/p>\n<p><big><strong>\u00abMultigrupo dom\u00e9stico\u00bb<\/strong> se diferencia ventajosamente de los sistemas multiroom cl\u00e1sicos por sus capacidades flexibles de ahorro adicional.<\/big><\/p>\n<p><big>En nuestro sistema <strong>&#171;Multigrupo dom\u00e9stico&#187;<\/strong>, usted mismo puede gestionar la cantidad de dispositivos en el grupo y el tiempo de su conexi\u00f3n, incluyendo o excluyendo sus dispositivos seg\u00fan sea necesario. De esta manera, puede ahorrar y pagar por dispositivos adicionales solo durante el per\u00edodo limitado de tiempo definido por usted.<\/big><\/p>\n<p><span class=\"trx_addons_accent_big\">Principio de funcionamiento del sistema &#171;Multigrupo dom\u00e9stico&#187;:<\/span><\/p>\n<ul>\n<li>Si tiene varios dispositivos en casa, actualmente est\u00e1n conectados a nuestro portal con diferentes cuentas personales. Ahora puede combinar estas cuentas en un \u00fanico &#171;Multigrupo dom\u00e9stico&#187;. En este caso, una cuenta personal ser\u00e1 la principal (a trav\u00e9s de la cual se realizar\u00e1n todas las operaciones financieras) y las dem\u00e1s ser\u00e1n adicionales. Dentro del &#171;Multigrupo dom\u00e9stico&#187;, un dispositivo (el principal) se tarifica por completo seg\u00fan la tarifa, mientras que el <strong>segundo y el tercero (adicionales) son totalmente gratuitos.<\/strong> Este enfoque le permitir\u00e1 ahorrar.<\/li>\n<li>Usted mismo puede incluir y excluir cuentas personales en el &#171;Multigrupo dom\u00e9stico&#187;; lo principal es que los dispositivos asociados a estas cuentas tengan la misma direcci\u00f3n IP externa al acceder al portal.<\/li>\n<li>La adici\u00f3n al &#171;Multigrupo dom\u00e9stico&#187; se realiza en el \u00e1rea personal del suscriptor en el portal, ya sea en la pantalla del televisor o accediendo al \u00e1rea personal desde un PC.<\/li>\n<li>Al a\u00f1adir un dispositivo al &#171;Multigrupo dom\u00e9stico&#187; como dispositivo adicional, todo el saldo positivo existente en esa cuenta se transfiere a la cuenta principal del &#171;Multigrupo dom\u00e9stico&#187;.<\/li>\n<li>Todos los cargos de todas las cuentas del &#171;Multigrupo dom\u00e9stico&#187; se realizan \u00fanicamente desde la cuenta principal del grupo. Por lo tanto, solo debe recargar la cuenta principal.<\/li>\n<li>El servicio se presta \u00fanicamente bajo una misma direcci\u00f3n IP, es decir, dentro de una misma red dom\u00e9stica.<\/li>\n<li>El servicio est\u00e1 disponible \u00fanicamente para la tarifa &#171;Completa&#187; (\u041f\u043e\u043b\u043d\u044b\u0439).<\/li>\n<li>Es posible combinar hasta un m\u00e1ximo de 3 cuentas personales en un mismo grupo.<\/li>\n<li>El plazo m\u00ednimo por el cual puede conectar una cuenta adicional al &#171;Multigrupo dom\u00e9stico&#187; es de 72 horas. Esto significa que podr\u00e1 desconectar la cuenta adicional a trav\u00e9s del \u00c1rea Personal no antes de que transcurran 3 d\u00edas desde su conexi\u00f3n.<\/li>\n<\/ul>\n<p><span class=\"trx_addons_accent_big\">Conexi\u00f3n de dispositivos adicionales:<\/span><\/p>\n<p>Entramos en el \u00c1rea Personal (\u041b\u0438\u0447\u043d\u044b\u0439 \u041a\u0430\u0431\u0438\u043d\u0435\u0442)<\/p>\n<p><img loading=\"lazy\" decoding=\"async\" class=\"alignnone size-large wp-image-1154\" src=\"http:\/\/global-iptv.net\/wp-content\/uploads\/2019\/05\/moulty-1q-1024x570.jpg\" alt=\"\" width=\"1024\" height=\"570\" srcset=\"https:\/\/global-iptv.net\/wp-content\/uploads\/2019\/05\/moulty-1q-1024x570.jpg 1024w, https:\/\/global-iptv.net\/wp-content\/uploads\/2019\/05\/moulty-1q-300x167.jpg 300w, https:\/\/global-iptv.net\/wp-content\/uploads\/2019\/05\/moulty-1q-768x428.jpg 768w, https:\/\/global-iptv.net\/wp-content\/uploads\/2019\/05\/moulty-1q-370x206.jpg 370w, https:\/\/global-iptv.net\/wp-content\/uploads\/2019\/05\/moulty-1q-760x423.jpg 760w, https:\/\/global-iptv.net\/wp-content\/uploads\/2019\/05\/moulty-1q-740x412.jpg 740w, https:\/\/global-iptv.net\/wp-content\/uploads\/2019\/05\/moulty-1q.jpg 1277w\" sizes=\"auto, (max-width: 1024px) 100vw, 1024px\" \/><\/p>\n<p>Pulsamos &#171;Multiroom&#187; (\u041c\u0443\u043b\u044c\u0442\u0438\u0440\u0443\u043c)<\/p>\n<p><img loading=\"lazy\" decoding=\"async\" class=\"alignnone size-large wp-image-1153\" src=\"http:\/\/global-iptv.net\/wp-content\/uploads\/2019\/05\/moulty-3q-1024x571.jpg\" alt=\"\" width=\"1024\" height=\"571\" srcset=\"https:\/\/global-iptv.net\/wp-content\/uploads\/2019\/05\/moulty-3q-1024x571.jpg 1024w, https:\/\/global-iptv.net\/wp-content\/uploads\/2019\/05\/moulty-3q-300x167.jpg 300w, https:\/\/global-iptv.net\/wp-content\/uploads\/2019\/05\/moulty-3q-768x428.jpg 768w, https:\/\/global-iptv.net\/wp-content\/uploads\/2019\/05\/moulty-3q-370x206.jpg 370w, https:\/\/global-iptv.net\/wp-content\/uploads\/2019\/05\/moulty-3q-760x424.jpg 760w, https:\/\/global-iptv.net\/wp-content\/uploads\/2019\/05\/moulty-3q-740x413.jpg 740w, https:\/\/global-iptv.net\/wp-content\/uploads\/2019\/05\/moulty-3q-270x152.jpg 270w, https:\/\/global-iptv.net\/wp-content\/uploads\/2019\/05\/moulty-3q.jpg 1271w\" sizes=\"auto, (max-width: 1024px) 100vw, 1024px\" \/><\/p>\n<p>Pulsamos &#171;<strong>OK<\/strong>&#187; en la l\u00ednea verde<\/p>\n<p><img loading=\"lazy\" decoding=\"async\" class=\"alignnone size-large wp-image-1152\" src=\"http:\/\/global-iptv.net\/wp-content\/uploads\/2019\/05\/moulty-4q-1024x570.jpg\" alt=\"\" width=\"1024\" height=\"570\" srcset=\"https:\/\/global-iptv.net\/wp-content\/uploads\/2019\/05\/moulty-4q-1024x570.jpg 1024w, https:\/\/global-iptv.net\/wp-content\/uploads\/2019\/05\/moulty-4q-300x167.jpg 300w, https:\/\/global-iptv.net\/wp-content\/uploads\/2019\/05\/moulty-4q-768x428.jpg 768w, https:\/\/global-iptv.net\/wp-content\/uploads\/2019\/05\/moulty-4q-370x206.jpg 370w, https:\/\/global-iptv.net\/wp-content\/uploads\/2019\/05\/moulty-4q-760x423.jpg 760w, https:\/\/global-iptv.net\/wp-content\/uploads\/2019\/05\/moulty-4q-740x412.jpg 740w, https:\/\/global-iptv.net\/wp-content\/uploads\/2019\/05\/moulty-4q.jpg 1271w\" sizes=\"auto, (max-width: 1024px) 100vw, 1024px\" \/><\/p>\n<p>Introducimos el c\u00f3digo parental (por defecto <strong>0000<\/strong>)<\/p>\n<p><img loading=\"lazy\" decoding=\"async\" class=\"alignnone size-large wp-image-1151\" src=\"http:\/\/global-iptv.net\/wp-content\/uploads\/2019\/05\/moulty-5q-1024x569.jpg\" alt=\"\" width=\"1024\" height=\"569\" srcset=\"https:\/\/global-iptv.net\/wp-content\/uploads\/2019\/05\/moulty-5q-1024x569.jpg 1024w, https:\/\/global-iptv.net\/wp-content\/uploads\/2019\/05\/moulty-5q-300x167.jpg 300w, https:\/\/global-iptv.net\/wp-content\/uploads\/2019\/05\/moulty-5q-768x427.jpg 768w, https:\/\/global-iptv.net\/wp-content\/uploads\/2019\/05\/moulty-5q-370x206.jpg 370w, https:\/\/global-iptv.net\/wp-content\/uploads\/2019\/05\/moulty-5q-760x422.jpg 760w, https:\/\/global-iptv.net\/wp-content\/uploads\/2019\/05\/moulty-5q-740x411.jpg 740w, https:\/\/global-iptv.net\/wp-content\/uploads\/2019\/05\/moulty-5q.jpg 1270w\" sizes=\"auto, (max-width: 1024px) 100vw, 1024px\" \/><\/p>\n<p>Introducimos el n\u00famero de cuenta (\u041b\u0421) del dispositivo que desea vincular al &#171;Multigrupo dom\u00e9stico&#187; y pulsamos OK.<\/p>\n","protected":false},"excerpt":{"rendered":"<p>A d\u00eda de hoy, hemos implementado el innovador y flexible sistema &#171;Multigrupo dom\u00e9stico&#187;, que le permitir\u00e1 ahorrar al visualizar contenido en un segundo y posteriores (3\u00ba, 4\u00ba, 5\u00ba) dispositivos. \u00abMultigrupo dom\u00e9stico\u00bb se diferencia ventajosamente de los sistemas multiroom cl\u00e1sicos por sus capacidades flexibles de ahorro adicional. En nuestro sistema &#171;Multigrupo dom\u00e9stico&#187;, usted mismo puede gestionar la cantidad de dispositivos en&hellip;<\/p>\n","protected":false},"author":1,"featured_media":0,"parent":0,"menu_order":0,"comment_status":"closed","ping_status":"closed","template":"","meta":{"footnotes":""},"class_list":["post-2030","page","type-page","status-publish","hentry"],"_links":{"self":[{"href":"https:\/\/global-iptv.net\/index.php?rest_route=\/wp\/v2\/pages\/2030","targetHints":{"allow":["GET"]}}],"collection":[{"href":"https:\/\/global-iptv.net\/index.php?rest_route=\/wp\/v2\/pages"}],"about":[{"href":"https:\/\/global-iptv.net\/index.php?rest_route=\/wp\/v2\/types\/page"}],"author":[{"embeddable":true,"href":"https:\/\/global-iptv.net\/index.php?rest_route=\/wp\/v2\/users\/1"}],"replies":[{"embeddable":true,"href":"https:\/\/global-iptv.net\/index.php?rest_route=%2Fwp%2Fv2%2Fcomments&post=2030"}],"version-history":[{"count":1,"href":"https:\/\/global-iptv.net\/index.php?rest_route=\/wp\/v2\/pages\/2030\/revisions"}],"predecessor-version":[{"id":2031,"href":"https:\/\/global-iptv.net\/index.php?rest_route=\/wp\/v2\/pages\/2030\/revisions\/2031"}],"wp:attachment":[{"href":"https:\/\/global-iptv.net\/index.php?rest_route=%2Fwp%2Fv2%2Fmedia&parent=2030"}],"curies":[{"name":"wp","href":"https:\/\/api.w.org\/{rel}","templated":true}]}}